{"id":415,"date":"2018-03-15T15:49:40","date_gmt":"2018-03-15T14:49:40","guid":{"rendered":"https:\/\/www.campingdesroussieres.com\/les-du-camping\/"},"modified":"2022-12-21T21:29:53","modified_gmt":"2022-12-21T20:29:53","slug":"les-du-camping","status":"publish","type":"page","link":"https:\/\/www.campingdesroussieres.com\/de\/les-du-camping\/","title":{"rendered":"Die Vorteile des Campingplatzes"},"content":{"rendered":"<h2>Der camping des Roussi\u00e8res, das sind:<\/h2>\n<div class=\"frame\">\n<div class=\"page tlid-homepage homepage translate-text\">\n<div class=\"homepage-content-wrap\">\n<div class=\"tlid-source-target main-header small-font\">\n<div class=\"source-target-row\">\n<div class=\"tlid-results-container results-container\">\n<div class=\"tlid-result result-dict-wrapper\">\n<div class=\"result tlid-copy-target\">\n<div class=\"text-wrap tlid-copy-target\">\n<div class=\"result-shield-container tlid-copy-target\" tabindex=\"0\"><span class=\"tlid-translation translation\" lang=\"de\" tabindex=\"-1\"><span class=\"tlid-translation translation\" lang=\"de\" tabindex=\"-1\"><span class=\"tlid-translation translation\" lang=\"de\" tabindex=\"-1\"><br \/>\n<span title=\"\">&#8211; <\/span><\/span><\/span><\/span><span class=\"tlid-translation translation\" lang=\"de\" tabindex=\"-1\"><span class=\"tlid-translation translation\" lang=\"de\" tabindex=\"-1\"><span title=\"\">nahe vom Strand von Cl\u00e8re entfernt<\/span><\/span><\/span><span title=\"\">&#8211; 2 km von der Innenstadt von Noirmoutier en l&#8217;Ile entfernt (zu Fu\u00df, mit dem Fahrrad, mit dem Auto oder sogar mit dem kostenlosen Shuttle)<\/span><\/p>\n<p><span title=\"\">&#8211; Vom Campingplatz aus verkehren im Juli und August kostenlose Shuttles zu den wichtigsten Zielen von Noirmoutier en l&#8217;Ile.<\/span><\/p>\n<p><span title=\"\">&#8211; In der N\u00e4he von Angelstellen<\/span><\/p>\n<p><span title=\"\">&#8211; Ein paar Schritte von den sch\u00f6nsten Str\u00e4nden der Insel entfernt (La Madeleine, Karneval, La Cl\u00e8re, L&#8217;Anse Rouge, Les Souzeaux, Les Dames &#8230;)<\/span><\/p>\n<p><span title=\"\">&#8211; In der N\u00e4he von Radwegen und Wanderwegen.<\/span><\/p>\n<p><span title=\"\">&#8211; In der N\u00e4he von Naturgebieten wie Salzwiesen, Vogelschutzgebiet, Bois de la Chaise &#8230;<\/span><\/p>\n<p><span title=\"\">&#8211; Zur\u00fcck von den Hauptstra\u00dfen.<\/span><\/p>\n<p><span title=\"\">&#8211; Kommen Sie und finden Sie den Campinggeist, als Paar, als Familie und probieren Sie die Freuden der Natur.<\/span><\/p>\n<\/div>\n<\/div>\n<\/div>\n<\/div>\n<\/div>\n<\/div>\n<\/div>\n<\/div>\n<\/div>\n<\/div>\n<div class=\"row\"><br \/>\n<div class=\"col col-12 col-lg-6\"><\/p>\n<ul style=\"list-style-type: circle;\">\n<li>getrennte baumges\u00e4umte Stellpl\u00e4tze<br \/>\nMobilheime zu mieten<br \/>\nau\u00dfergew\u00f6hnliche Umgebung<br \/>\nein Treffpunkt f\u00fcr jedermann<br \/>\nMit Freunden Spa\u00df haben<br \/>\nEin toller Teamgeist<br \/>\nfriedliche versteckte Ecken<br \/>\nIntimit\u00e4t<br \/>\neine Explosion von Farben<br \/>\nger\u00e4umige Stellpl\u00e4tze<\/li>\n<\/ul>\n<p><\/div><br \/>\n<div class=\"col col-12 col-lg-6\"><\/p>\n<ul style=\"list-style-type: circle;\">\n<li>\n<div class=\"frame\">\n<div class=\"page tlid-homepage homepage translate-text\">\n<div class=\"homepage-content-wrap\">\n<div class=\"tlid-source-target main-header small-font\">\n<div class=\"source-target-row\">\n<div class=\"tlid-results-container results-container\">\n<div class=\"tlid-result result-dict-wrapper\">\n<div class=\"result tlid-copy-target\">\n<div class=\"text-wrap tlid-copy-target\">\n<div class=\"result-shield-container tlid-copy-target\" tabindex=\"0\"><span class=\"tlid-translation translation\" lang=\"de\"><span title=\"\">eine wunderbare Lebensweise<\/span><br \/>\n<span title=\"\">verschiedene Komfortstufen verf\u00fcgbar<\/span><br \/>\n<span title=\"\">gemeinsamer Raum<\/span><br \/>\n<span title=\"\">so viele Aktivit\u00e4ten wie m\u00f6glich<\/span><br \/>\n<span title=\"\">Fastfood-Restaurant<\/span><br \/>\n<span title=\"\">Spielplatz<\/span><br \/>\n<span title=\"\">Ausfl\u00fcge mit Freunden oder der Familie<\/span><\/span><\/div>\n<\/div>\n<\/div>\n<\/div>\n<\/div>\n<\/div>\n<\/div>\n<\/div>\n<\/div>\n<\/div>\n<\/li>\n<\/ul>\n<p><\/div><br \/>\n<\/div>\n","protected":false},"excerpt":{"rendered":"<p>Der camping des Roussi\u00e8res, das sind: &#8211; nahe vom Strand von Cl\u00e8re entfernt&#8211; 2 km von der Innenstadt von Noirmoutier en l&#8217;Ile entfernt (zu Fu\u00df, mit dem Fahrrad, mit dem Auto oder sogar mit dem kostenlosen Shuttle) &#8211; Vom Campingplatz aus verkehren im Juli und August kostenlose Shuttles zu den wichtigsten Zielen von Noirmoutier en [&hellip;]<\/p>\n","protected":false},"author":1,"featured_media":0,"parent":0,"menu_order":0,"comment_status":"closed","ping_status":"closed","template":"","meta":{"footnotes":""},"class_list":["post-415","page","type-page","status-publish","hentry"],"yoast_head":"<!-- This site is optimized with the Yoast SEO plugin v27.4 - https:\/\/yoast.com\/product\/yoast-seo-wordpress\/ -->\n<title>Die Vorteile des Campingplatzes<\/title>\n<meta name=\"robots\" content=\"index, follow, max-snippet:-1, max-image-preview:large, max-video-preview:-1\" \/>\n<link rel=\"canonical\" href=\"https:\/\/www.campingdesroussieres.com\/de\/les-du-camping\/\" \/>\n<meta property=\"og:locale\" content=\"de_DE\" \/>\n<meta property=\"og:type\" content=\"article\" \/>\n<meta property=\"og:title\" content=\"Die Vorteile des Campingplatzes\" \/>\n<meta property=\"og:description\" content=\"Der camping des Roussi\u00e8res, das sind: &#8211; nahe vom Strand von Cl\u00e8re entfernt&#8211; 2 km von der Innenstadt von Noirmoutier en l&#8217;Ile entfernt (zu Fu\u00df, mit dem Fahrrad, mit dem Auto oder sogar mit dem kostenlosen Shuttle) &#8211; Vom Campingplatz aus verkehren im Juli und August kostenlose Shuttles zu den wichtigsten Zielen von Noirmoutier en [&hellip;]\" \/>\n<meta property=\"og:url\" content=\"https:\/\/www.campingdesroussieres.com\/de\/les-du-camping\/\" \/>\n<meta property=\"og:site_name\" content=\"Camping les Roussi\u00e8res Ile de Noirmoutier Vend\u00e9e - France\" \/>\n<meta property=\"article:modified_time\" content=\"2022-12-21T20:29:53+00:00\" \/>\n<meta name=\"twitter:card\" content=\"summary_large_image\" \/>\n<meta name=\"twitter:label1\" content=\"Gesch\u00e4tzte Lesezeit\" \/>\n\t<meta name=\"twitter:data1\" content=\"1\u00a0Minute\" \/>\n<script type=\"application\/ld+json\" class=\"yoast-schema-graph\">{\"@context\":\"https:\\\/\\\/schema.org\",\"@graph\":[{\"@type\":\"WebPage\",\"@id\":\"https:\\\/\\\/www.campingdesroussieres.com\\\/de\\\/les-du-camping\\\/\",\"url\":\"https:\\\/\\\/www.campingdesroussieres.com\\\/de\\\/les-du-camping\\\/\",\"name\":\"Die Vorteile des Campingplatzes\",\"isPartOf\":{\"@id\":\"https:\\\/\\\/www.campingdesroussieres.com\\\/#website\"},\"datePublished\":\"2018-03-15T14:49:40+00:00\",\"dateModified\":\"2022-12-21T20:29:53+00:00\",\"breadcrumb\":{\"@id\":\"https:\\\/\\\/www.campingdesroussieres.com\\\/de\\\/les-du-camping\\\/#breadcrumb\"},\"inLanguage\":\"de\",\"potentialAction\":[{\"@type\":\"ReadAction\",\"target\":[\"https:\\\/\\\/www.campingdesroussieres.com\\\/de\\\/les-du-camping\\\/\"]}]},{\"@type\":\"BreadcrumbList\",\"@id\":\"https:\\\/\\\/www.campingdesroussieres.com\\\/de\\\/les-du-camping\\\/#breadcrumb\",\"itemListElement\":[{\"@type\":\"ListItem\",\"position\":1,\"name\":\"Accueil\",\"item\":\"https:\\\/\\\/www.campingdesroussieres.com\\\/de\\\/\"},{\"@type\":\"ListItem\",\"position\":2,\"name\":\"Die Vorteile des Campingplatzes\"}]},{\"@type\":\"WebSite\",\"@id\":\"https:\\\/\\\/www.campingdesroussieres.com\\\/#website\",\"url\":\"https:\\\/\\\/www.campingdesroussieres.com\\\/\",\"name\":\"Camping les Roussi\u00e8res Ile de Noirmoutier Vend\u00e9e - France\",\"description\":\"Location du vendredi au vendredi et du lundi au lundi \",\"potentialAction\":[{\"@type\":\"SearchAction\",\"target\":{\"@type\":\"EntryPoint\",\"urlTemplate\":\"https:\\\/\\\/www.campingdesroussieres.com\\\/?s={search_term_string}\"},\"query-input\":{\"@type\":\"PropertyValueSpecification\",\"valueRequired\":true,\"valueName\":\"search_term_string\"}}],\"inLanguage\":\"de\"}]}<\/script>\n<!-- \/ Yoast SEO plugin. -->","yoast_head_json":{"title":"Die Vorteile des Campingplatzes","robots":{"index":"index","follow":"follow","max-snippet":"max-snippet:-1","max-image-preview":"max-image-preview:large","max-video-preview":"max-video-preview:-1"},"canonical":"https:\/\/www.campingdesroussieres.com\/de\/les-du-camping\/","og_locale":"de_DE","og_type":"article","og_title":"Die Vorteile des Campingplatzes","og_description":"Der camping des Roussi\u00e8res, das sind: &#8211; nahe vom Strand von Cl\u00e8re entfernt&#8211; 2 km von der Innenstadt von Noirmoutier en l&#8217;Ile entfernt (zu Fu\u00df, mit dem Fahrrad, mit dem Auto oder sogar mit dem kostenlosen Shuttle) &#8211; Vom Campingplatz aus verkehren im Juli und August kostenlose Shuttles zu den wichtigsten Zielen von Noirmoutier en [&hellip;]","og_url":"https:\/\/www.campingdesroussieres.com\/de\/les-du-camping\/","og_site_name":"Camping les Roussi\u00e8res Ile de Noirmoutier Vend\u00e9e - France","article_modified_time":"2022-12-21T20:29:53+00:00","twitter_card":"summary_large_image","twitter_misc":{"Gesch\u00e4tzte Lesezeit":"1\u00a0Minute"},"schema":{"@context":"https:\/\/schema.org","@graph":[{"@type":"WebPage","@id":"https:\/\/www.campingdesroussieres.com\/de\/les-du-camping\/","url":"https:\/\/www.campingdesroussieres.com\/de\/les-du-camping\/","name":"Die Vorteile des Campingplatzes","isPartOf":{"@id":"https:\/\/www.campingdesroussieres.com\/#website"},"datePublished":"2018-03-15T14:49:40+00:00","dateModified":"2022-12-21T20:29:53+00:00","breadcrumb":{"@id":"https:\/\/www.campingdesroussieres.com\/de\/les-du-camping\/#breadcrumb"},"inLanguage":"de","potentialAction":[{"@type":"ReadAction","target":["https:\/\/www.campingdesroussieres.com\/de\/les-du-camping\/"]}]},{"@type":"BreadcrumbList","@id":"https:\/\/www.campingdesroussieres.com\/de\/les-du-camping\/#breadcrumb","itemListElement":[{"@type":"ListItem","position":1,"name":"Accueil","item":"https:\/\/www.campingdesroussieres.com\/de\/"},{"@type":"ListItem","position":2,"name":"Die Vorteile des Campingplatzes"}]},{"@type":"WebSite","@id":"https:\/\/www.campingdesroussieres.com\/#website","url":"https:\/\/www.campingdesroussieres.com\/","name":"Camping les Roussi\u00e8res Ile de Noirmoutier Vend\u00e9e - France","description":"Location du vendredi au vendredi et du lundi au lundi ","potentialAction":[{"@type":"SearchAction","target":{"@type":"EntryPoint","urlTemplate":"https:\/\/www.campingdesroussieres.com\/?s={search_term_string}"},"query-input":{"@type":"PropertyValueSpecification","valueRequired":true,"valueName":"search_term_string"}}],"inLanguage":"de"}]}},"_links":{"self":[{"href":"https:\/\/www.campingdesroussieres.com\/de\/wp-json\/wp\/v2\/pages\/415","targetHints":{"allow":["GET"]}}],"collection":[{"href":"https:\/\/www.campingdesroussieres.com\/de\/wp-json\/wp\/v2\/pages"}],"about":[{"href":"https:\/\/www.campingdesroussieres.com\/de\/wp-json\/wp\/v2\/types\/page"}],"author":[{"embeddable":true,"href":"https:\/\/www.campingdesroussieres.com\/de\/wp-json\/wp\/v2\/users\/1"}],"replies":[{"embeddable":true,"href":"https:\/\/www.campingdesroussieres.com\/de\/wp-json\/wp\/v2\/comments?post=415"}],"version-history":[{"count":6,"href":"https:\/\/www.campingdesroussieres.com\/de\/wp-json\/wp\/v2\/pages\/415\/revisions"}],"predecessor-version":[{"id":15634,"href":"https:\/\/www.campingdesroussieres.com\/de\/wp-json\/wp\/v2\/pages\/415\/revisions\/15634"}],"wp:attachment":[{"href":"https:\/\/www.campingdesroussieres.com\/de\/wp-json\/wp\/v2\/media?parent=415"}],"curies":[{"name":"wp","href":"https:\/\/api.w.org\/{rel}","templated":true}]}}