{"id":362,"date":"2018-03-15T09:41:27","date_gmt":"2018-03-15T08:41:27","guid":{"rendered":"https:\/\/www.campingdesroussieres.com\/contact-reservation\/"},"modified":"2023-02-23T14:20:08","modified_gmt":"2023-02-23T13:20:08","slug":"contact-booking","status":"publish","type":"page","link":"https:\/\/www.campingdesroussieres.com\/en\/contact-booking\/","title":{"rendered":"Contact \/ Booking 2023"},"content":{"rendered":"\n\t\t\n\t\t\t<form action=\"\" class=\"contact form-horizontal\" role=\"form\" method=\"post\">\n\n\t\t\t\t\n\t\t\t\t<div class=\"form-group d-flex\">\n\n\t\t\t\t\t<label class=\"col-form-label\" for=\"contact-civilite\">Civilit\u00e9<\/label>\n\t\t\t\t\t<select name=\"civilite\" id=\"contact-civilite\" class=\"form-control ml-3\" \/>\n\t\t\t\t\t\t\t\t\t\t\t\t<option value=\"M.\">M.<\/option>\n\t\t\t\t\t\t\t\t\t\t\t\t<option value=\"Mme\">Mme<\/option>\n\t\t\t\t\t<\/select>\n\t\t\t\t\t<span class=\"help-block\"><\/span>\n\n\t\t\t\t<\/div>\n\n\t\t\t\t<div class=\"form-row\">\n\t\t\t\t\t<div class=\"form-group col-md-6 \">\n\t\t\t\t\t\t<label class=\"col-form-label\" for=\"contact-nom\">Name *<\/label>\n\t\t\t\t\t\t<input type=\"text\" id=\"contact-nom\" name=\"nom\" class=\"form-control\" value=\"\" \/>\n\t\t\t\t\t\t<span class=\"help-block\"><\/span>\n\t\t\t\t\t<\/div>\n\n\t\t\t\t\t<div class=\"form-group col-md-6 \">\n\t\t\t\t\t\t<label class=\"col-form-label\" for=\"contact-prenom\">First name *<\/label>\n\t\t\t\t\t\t<input type=\"text\" id=\"contact-prenom\" name=\"prenom\" class=\"form-control\" value=\"\" \/>\n\t\t\t\t\t\t<span class=\"help-block\"><\/span>\n\t\t\t\t\t<\/div>\n\n\t\t\t\t<\/div>\n\n\t\t\t\t<div class=\"form-group\">\n\n\t\t\t\t\t<label class=\"col-form-label\" for=\"contact-datenaissance\">Date de naissance *<\/label>\n\t\t\t\t\t<input type=\"text\" id=\"contact-datenaissance\" name=\"datenaissance\" class=\"form-control\" value=\"\" \/>\n\t\t\t\t\t<span class=\"help-block\"><\/span>\n\n\t\t\t\t<\/div>\n\n\t\t\t\t<div class=\"form-row\">\n\n\t\t\t\t\t<div class=\"form-group col-md-6 \">\n\t\t\t\t\t\t<label class=\"col-form-label\" for=\"contact-email\">E-mail *<\/label>\n\t\t\t\t\t\t<input type=\"email\" name=\"email\" id=\"contact-email\" class=\"form-control\" value=\"\" \/>\n\t\t\t\t\t\t<span class=\"help-block\"><\/span>\n\t\t\t\t\t<\/div>\n\n\t\t\t\t\t<div class=\"form-group col-md-6 \">\n\t\t\t\t\t\t<label class=\"col-form-label\" for=\"contact-tel\">Phone<\/label>\n\t\t\t\t\t\t<input type=\"tel\" name=\"tel\" id=\"contact-tel\" class=\"form-control\" value=\"\" \/>\n\t\t\t\t\t\t<span class=\"help-block\"><\/span>\n\t\t\t\t\t<\/div>\n\n\t\t\t\t<\/div>\n\n\t\t\t\t<div class=\"form-row\">\n\n\t\t\t\t\t<div class=\"form-group col-md-6 \">\n\t\t\t\t\t\t<label class=\"col-form-label\" for=\"contact-mobile\">Mobile<\/label>\n\t\t\t\t\t\t<input type=\"mobile\" name=\"mobile\" id=\"contact-mobile\" class=\"form-control\" value=\"\" \/>\n\t\t\t\t\t\t<span class=\"help-block\"><\/span>\n\t\t\t\t\t<\/div>\n\n\t\t\t\t<\/div>\n\t\t\t\t\n\t\t\t\t<div class=\"form-group\">\n\n\t\t\t\t\t<label class=\"col-form-label\" for=\"contact-adresse\">Address *<\/label>\n\t\t\t\t\t<input type=\"text\" name=\"adresse\" id=\"contact-adresse\" class=\"form-control\" value=\"\" \/>\n\t\t\t\t\t<span class=\"help-block\"><\/span>\n\n\t\t\t\t<\/div>\n\n\t\t\t\t<div class=\"form-row\">\n\n\t\t\t\t\t<div class=\"form-group col-sm-6 \">\n\t\t\t\t\t\t<label class=\"col-form-label\" for=\"contact-cp\">Postal code *<\/label>\n\t\t\t\t\t\t<input type=\"text\" name=\"cp\" id=\"contact-cp\" class=\"form-control\" value=\"\" \/>\n\t\t\t\t\t\t<span class=\"help-block\"><\/span>\n\t\t\t\t\t<\/div>\n\n\t\t\t\t\t<div class=\"form-group col-sm-6 \">\n\t\t\t\t\t\t<label class=\"col-form-label\" for=\"contact-ville\">City *<\/label>\n\t\t\t\t\t\t<input type=\"text\" name=\"ville\" id=\"contact-ville\" class=\"form-control\" value=\"\" \/>\n\t\t\t\t\t\t<span class=\"help-block\"><\/span>\n\t\t\t\t\t<\/div>\n\n\t\t\t\t<\/div>\n\n\t\t\t\t<div class=\"form-row\">\n\t\t\t\t\t<div class=\"form-group col-md-6 \">\n\n\t\t\t\t\t\t<label class=\"col-form-label\">Booking contract *<\/label>\n\n\t\t\t\t\t\t<div class=\"form-check\"><input class=\"form-check-input\" type=\"radio\" name=\"typelocation\" value=\"Camping pitches\" id=\"camping-pitches\"><label class=\"form-check-label\" for=\"camping-pitches\">Camping pitches<\/label><\/div><div class=\"form-check\"><input class=\"form-check-input\" type=\"radio\" name=\"typelocation\" value=\"Mobile-home 2 people\" id=\"mobile-home-2-people\"><label class=\"form-check-label\" for=\"mobile-home-2-people\">Mobile-home 2 people<\/label><\/div><div class=\"form-check\"><input class=\"form-check-input\" type=\"radio\" name=\"typelocation\" value=\"Mobile-home 4\/5 people\" id=\"mobile-home-4-5-people\"><label class=\"form-check-label\" for=\"mobile-home-4-5-people\">Mobile-home 4\/5 people<\/label><\/div><div class=\"form-check\"><input class=\"form-check-input\" type=\"radio\" name=\"typelocation\" value=\"Mobile-home 4 personnes PMR\" id=\"mobile-home-4-people-disabled\"><label class=\"form-check-label\" for=\"mobile-home-4-people-disabled\">Mobile-home 4 personnes PMR<\/label><\/div>\t\t\t\t\t\t<span class=\"help-block\"><\/span>\n\t\t\t\t\t<\/div>\n\n\t\t\t\t\t<div class=\"form-group col-md-6 pdfs d-flex justify-content-around text-center\">\n\t\t\t\t\t\t<a href=\"\" target=\"_blank\">\n\t\t\t\t\t\t\t<img decoding=\"async\" src=\"https:\/\/www.campingdesroussieres.com\/wp-content\/themes\/roussieres\/assets\/img\/cond-gen-loc.png\" alt=\"Conditions G\u00e9n\u00e9rales de location\" style=\"max-width: 90%;\">\n\t\t\t\t\t\t<\/a>\n\t\t\t\t\t\t<a href=\"\" target=\"_blank\">\n\t\t\t\t\t\t\t<img decoding=\"async\" src=\"https:\/\/www.campingdesroussieres.com\/wp-content\/themes\/roussieres\/assets\/img\/inv-desc-loc.png\" alt=\"Descriptifs de<br>toutes nos locations\" style=\"max-width: 90%;\">\n\t\t\t\t\t\t<\/a>\n\t\t\t\t\t<\/div>\n\t\t\t\t<\/div>\n\n\t\t\t\t<div class=\"form-row\">\n\n\t\t\t\t\t<div class=\"form-group col-md-6 \">\n\t\t\t\t\t\t<label class=\"col-form-label\" for=\"contact-modele\">Mod\u00e8le souhait\u00e9<\/label>\n\t\t\t\t\t\t<input type=\"modele\" name=\"modele\" id=\"contact-modele\" class=\"form-control\" value=\"\" \/>\n\t\t\t\t\t\t<span class=\"help-block\"><\/span>\n\t\t\t\t\t<\/div>\n\n\t\t\t\t<\/div>\n\n\t\t\t\t<div class=\"jumbotron text-center\">\n\t\t\t\t\t7 jours minimum pour la location d'un emplacement. <br>\n\t\t\t\t\tEn hors saison, selon disponibilit\u00e9s, possibilit\u00e9 de louer \u00e0 la nuit\u00e9e, au mid-week ou \u00e0 la semaine. <br>\n\t\t\t\t\tEn juillet et ao\u00fbt location uniquement \u00e0 la semaine. \n\t\t\t\t<\/div>\n\n\t\t\t\t<div class=\"form-row\">\n\n\t\t\t\t\t<div class=\"form-group col-sm-6 \">\n\t\t\t\t\t\t<label class=\"col-form-label\" for=\"contact-arrivee\">Arrival date *<\/label>\n\t\t\t\t\t\t<input type=\"text\" name=\"arrivee\" id=\"contact-arrivee\" class=\"form-control\" value=\"\" placeholder=\"dd\/mm\/yyyy\" \/>\n\t\t\t\t\t\t<span class=\"help-block\"><\/span>\n\t\t\t\t\t<\/div>\n\n\t\t\t\t\t<div class=\"form-group col-sm-6 \">\n\t\t\t\t\t\t<label class=\"col-form-label\" for=\"contact-depart\">Departure *<\/label>\n\t\t\t\t\t\t<input type=\"text\" name=\"depart\" id=\"contact-depart\" class=\"form-control\" value=\"\" placeholder=\"dd\/mm\/yyyy\" \/>\n\t\t\t\t\t\t<span class=\"help-block\"><\/span>\n\t\t\t\t\t<\/div>\n\n\t\t\t\t<\/div>\n\t\t\t\t\n\t\t\t\t<div class=\"form-row\">\n\t\t\t\t\t<div class=\"form-group col-sm-6 \">\n\n\t\t\t\t\t\t<label class=\"col-form-label\" for=\"contact-nbadultes\">Nombre d'adultes (+18 ans)<\/label>\n\t\t\t\t\t\t<select name=\"nbadultes\" id=\"contact-nbadultes\" class=\"form-control\" \/>\n\t\t\t\t\t\t\t\t\t\t\t\t\t\t\t<option value=\"0\">0<\/option>\n\t\t\t\t\t\t\t\t\t\t\t\t\t\t\t<option value=\"1\">1<\/option>\n\t\t\t\t\t\t\t\t\t\t\t\t\t\t\t<option value=\"2\">2<\/option>\n\t\t\t\t\t\t\t\t\t\t\t\t\t\t\t<option value=\"3\">3<\/option>\n\t\t\t\t\t\t\t\t\t\t\t\t\t\t\t<option value=\"4\">4<\/option>\n\t\t\t\t\t\t\t\t\t\t\t\t\t\t\t<option value=\"5\">5<\/option>\n\t\t\t\t\t\t\t\t\t\t\t\t\t\t\t<option value=\"6\">6<\/option>\n\t\t\t\t\t\t\t\t\t\t\t\t\t\t\t<option value=\"7\">7<\/option>\n\t\t\t\t\t\t\t\t\t\t\t\t\t<\/select>\n\t\t\t\t\t\t<span class=\"help-block\"><\/span>\n\n\t\t\t\t\t<\/div>\n\t\t\t\t\t<div class=\"form-group col-sm-6 \">\n\n\t\t\t\t\t\t<label class=\"col-form-label\" for=\"contact-nbenfantplus7\">Nombre d'enfants  + 7 ans<\/label>\n\t\t\t\t\t\t<select name=\"nbenfantplus7\" id=\"contact-nbenfantplus7\" class=\"form-control\" \/>\n\t\t\t\t\t\t\t\t\t\t\t\t\t\t\t<option value=\"0\">0<\/option>\n\t\t\t\t\t\t\t\t\t\t\t\t\t\t\t<option value=\"1\">1<\/option>\n\t\t\t\t\t\t\t\t\t\t\t\t\t\t\t<option value=\"2\">2<\/option>\n\t\t\t\t\t\t\t\t\t\t\t\t\t\t\t<option value=\"3\">3<\/option>\n\t\t\t\t\t\t\t\t\t\t\t\t\t\t\t<option value=\"4\">4<\/option>\n\t\t\t\t\t\t\t\t\t\t\t\t\t\t\t<option value=\"5\">5<\/option>\n\t\t\t\t\t\t\t\t\t\t\t\t\t\t\t<option value=\"6\">6<\/option>\n\t\t\t\t\t\t\t\t\t\t\t\t\t\t\t<option value=\"7\">7<\/option>\n\t\t\t\t\t\t\t\t\t\t\t\t\t<\/select>\n\t\t\t\t\t\t<span class=\"help-block\"><\/span>\n\n\t\t\t\t\t<\/div>\n\t\t\t\t<\/div>\n\t\t\t\t\n\t\t\t\t<div class=\"form-row\">\n\t\t\t\t\t<div class=\"form-group col-sm-6 \">\n\n\t\t\t\t\t\t<label class=\"col-form-label\" for=\"contact-nbenfantmoins7\">Nombre d'enfants - 7 ans<\/label>\n\t\t\t\t\t\t<select name=\"nbenfantmoins7\" id=\"contact-nbenfantmoins7\" class=\"form-control\" \/>\n\t\t\t\t\t\t\t\t\t\t\t\t\t\t\t<option value=\"0\">0<\/option>\n\t\t\t\t\t\t\t\t\t\t\t\t\t\t\t<option value=\"1\">1<\/option>\n\t\t\t\t\t\t\t\t\t\t\t\t\t\t\t<option value=\"2\">2<\/option>\n\t\t\t\t\t\t\t\t\t\t\t\t\t\t\t<option value=\"3\">3<\/option>\n\t\t\t\t\t\t\t\t\t\t\t\t\t\t\t<option value=\"4\">4<\/option>\n\t\t\t\t\t\t\t\t\t\t\t\t\t\t\t<option value=\"5\">5<\/option>\n\t\t\t\t\t\t\t\t\t\t\t\t\t\t\t<option value=\"6\">6<\/option>\n\t\t\t\t\t\t\t\t\t\t\t\t\t\t\t<option value=\"7\">7<\/option>\n\t\t\t\t\t\t\t\t\t\t\t\t\t<\/select>\n\t\t\t\t\t\t<span class=\"help-block\"><\/span>\n\n\t\t\t\t\t<\/div>\n\t\t\t\t\t<div class=\"form-group col-sm-6 \">\n\n\t\t\t\t\t\t<label class=\"col-form-label\" for=\"contact-nbenfantmoins2\">Nombre d'enfants  - 2 ans<\/label>\n\t\t\t\t\t\t<select name=\"nbenfantmoins2\" id=\"contact-nbenfantmoins2\" class=\"form-control\" \/>\n\t\t\t\t\t\t\t\t\t\t\t\t\t\t\t<option value=\"0\">0<\/option>\n\t\t\t\t\t\t\t\t\t\t\t\t\t\t\t<option value=\"1\">1<\/option>\n\t\t\t\t\t\t\t\t\t\t\t\t\t\t\t<option value=\"2\">2<\/option>\n\t\t\t\t\t\t\t\t\t\t\t\t\t\t\t<option value=\"3\">3<\/option>\n\t\t\t\t\t\t\t\t\t\t\t\t\t\t\t<option value=\"4\">4<\/option>\n\t\t\t\t\t\t\t\t\t\t\t\t\t\t\t<option value=\"5\">5<\/option>\n\t\t\t\t\t\t\t\t\t\t\t\t\t\t\t<option value=\"6\">6<\/option>\n\t\t\t\t\t\t\t\t\t\t\t\t\t\t\t<option value=\"7\">7<\/option>\n\t\t\t\t\t\t\t\t\t\t\t\t\t<\/select>\n\t\t\t\t\t\t<span class=\"help-block\"><\/span>\n\n\t\t\t\t\t<\/div>\n\t\t\t\t<\/div>\n\n\n\t\t\t\t<div class=\"form-row\">\n\n\t\t\t\t\t<div class=\"form-group col-md-6 \">\n\t\t\t\t\t\t<label class=\"col-form-label\" for=\"contact-nbchiens\">Nombre de chiens<\/label>\n\t\t\t\t\t\t<input type=\"nbchiens\" name=\"nbchiens\" id=\"contact-nbchiens\" class=\"form-control\" value=\"\" \/>\n\t\t\t\t\t\t<span class=\"help-block\"><\/span>\n\t\t\t\t\t<\/div>\n\n\t\t\t\t<\/div>\n\n\t\t\t\t<div class=\"form-group\">\n\t\t\t\t\t<label class=\"col-form-label\" for=\"contact-msg\">Commentaires<\/label>\n\t\t\t\t\t<textarea name=\"msg\" id=\"contact-msg\" class=\"form-control\" rows=\"3\"><\/textarea>\n\t\t\t\t\t<span class=\"help-block\"><\/span>\n\n\t\t\t\t<\/div>\n\n\t\t\t\t<div class=\"form-group\">\n\t\t\t\t\t<div class=\"form-check\">\n\t\t\t\t\t\t<input name=\"consent\" id=\"contact-consent\" class=\"form-check-input\" type=\"checkbox\">\n\t\t\t\t\t\t<label class=\"form-check-label\" for=\"contact-consent\">\n\t\t\t\t\t\t\tJ'accepte que les informations saisies, dans le formulaire, soient exploit\u00e9es dans le cadre de la demande d'information produit et de la relation commerciale qui peut en d\u00e9couler <b>*<\/b>\n\t\t\t\t\t\t<\/label>\n\t\t\t\t\t<\/div>\n\t\t\t\t\t<span class=\"help-block\"><\/span>\n\t\t\t\t<\/div>\n\n\t\t\t\t<div class=\"form-group\">\n\t\t\t\t\t<div class=\"form-check\">\n\t\t\t\t\t\t<input name=\"cgv\" id=\"contact-cgv\" class=\"form-check-input\" type=\"checkbox\">\n\t\t\t\t\t\t<label class=\"form-check-label\" for=\"contact-cgv\">\n\t\t\t\t\t\t\tJ'accepte les conditions g\u00e9n\u00e9rales de location du camping <b>*<\/b>\n\t\t\t\t\t\t<\/label>\n\t\t\t\t\t<\/div>\n\t\t\t\t\t<span class=\"help-block\"><\/span>\n\t\t\t\t<\/div>\n\n\t\t\t\t<div class=\"form-group\">\n\t\t\t\t\t<div class=\"form-check\">\n\t\t\t\t\t\t<input name=\"assurance\" id=\"contact-assurance\" class=\"form-check-input\" type=\"checkbox\">\n\t\t\t\t\t\t<label class=\"form-check-label\" for=\"contact-assurance\">\n\t\t\t\t\t\t\tI would like to take out cancellation insurance in the amount of 3% of the entire stay\t\t\t\t\t\t<\/label>\n\t\t\t\t\t<\/div>\n\t\t\t\t\t<span class=\"help-block\"><\/span>\n\t\t\t\t\t<small>\n\t\t\t\t\t\tCancellation insurance (excluding tourist tax and booking fees)\t\t\t\t\t\t<br>\n\t\t\t\t\t\tThe conditions can be found on the home page.\t\t\t\t\t<\/small>\n\t\t\t\t<\/div>\n\n\n\t\t\t\t\n\n\t\t\t\t<div class=\"form-group\">\n\t\t\t\t\t<b>* champ obligatoire<\/b>\n\t\t\t\t<\/div>\n\n\t\t\t\t<div class=\"form-group text-center\">\n\t\t\t\t\t<input type=\"text\" class=\"csev\" name=\"csev\" value=\"\">\n\t\t\t\t\t<input type=\"hidden\" name=\"nonce\" value=\"36536170a2\">\n\t\t\t\t\t<button type=\"submit\" name=\"submit\" class=\"btn btn-default\">Send<\/button>\n\t\t\t\t<\/div>\n\t\t\t<\/form>\n\n\t\t\n","protected":false},"excerpt":{"rendered":"","protected":false},"author":1,"featured_media":0,"parent":0,"menu_order":0,"comment_status":"closed","ping_status":"closed","template":"","meta":{"footnotes":""},"class_list":["post-362","page","type-page","status-publish","hentry"],"yoast_head":"<!-- This site is optimized with the Yoast SEO plugin v27.4 - https:\/\/yoast.com\/product\/yoast-seo-wordpress\/ -->\n<title>Contact \/ Booking<\/title>\n<meta name=\"robots\" content=\"index, follow, max-snippet:-1, max-image-preview:large, max-video-preview:-1\" \/>\n<link rel=\"canonical\" href=\"https:\/\/www.campingdesroussieres.com\/en\/contact-booking\/\" \/>\n<meta property=\"og:locale\" content=\"en_US\" \/>\n<meta property=\"og:type\" content=\"article\" \/>\n<meta property=\"og:title\" content=\"Contact \/ Booking\" \/>\n<meta property=\"og:url\" content=\"https:\/\/www.campingdesroussieres.com\/en\/contact-booking\/\" \/>\n<meta property=\"og:site_name\" content=\"Camping les Roussi\u00e8res Ile de Noirmoutier Vend\u00e9e - France\" \/>\n<meta property=\"article:modified_time\" content=\"2023-02-23T13:20:08+00:00\" \/>\n<meta name=\"twitter:card\" content=\"summary_large_image\" \/>\n<meta name=\"twitter:label1\" content=\"Est. reading time\" \/>\n\t<meta name=\"twitter:data1\" content=\"1 minute\" \/>\n<script type=\"application\/ld+json\" class=\"yoast-schema-graph\">{\"@context\":\"https:\\\/\\\/schema.org\",\"@graph\":[{\"@type\":\"WebPage\",\"@id\":\"https:\\\/\\\/www.campingdesroussieres.com\\\/en\\\/contact-booking\\\/\",\"url\":\"https:\\\/\\\/www.campingdesroussieres.com\\\/en\\\/contact-booking\\\/\",\"name\":\"Contact \\\/ Booking\",\"isPartOf\":{\"@id\":\"https:\\\/\\\/www.campingdesroussieres.com\\\/#website\"},\"datePublished\":\"2018-03-15T08:41:27+00:00\",\"dateModified\":\"2023-02-23T13:20:08+00:00\",\"breadcrumb\":{\"@id\":\"https:\\\/\\\/www.campingdesroussieres.com\\\/en\\\/contact-booking\\\/#breadcrumb\"},\"inLanguage\":\"en-US\",\"potentialAction\":[{\"@type\":\"ReadAction\",\"target\":[\"https:\\\/\\\/www.campingdesroussieres.com\\\/en\\\/contact-booking\\\/\"]}]},{\"@type\":\"BreadcrumbList\",\"@id\":\"https:\\\/\\\/www.campingdesroussieres.com\\\/en\\\/contact-booking\\\/#breadcrumb\",\"itemListElement\":[{\"@type\":\"ListItem\",\"position\":1,\"name\":\"Accueil\",\"item\":\"https:\\\/\\\/www.campingdesroussieres.com\\\/en\\\/\"},{\"@type\":\"ListItem\",\"position\":2,\"name\":\"Contact \\\/ Booking 2023\"}]},{\"@type\":\"WebSite\",\"@id\":\"https:\\\/\\\/www.campingdesroussieres.com\\\/#website\",\"url\":\"https:\\\/\\\/www.campingdesroussieres.com\\\/\",\"name\":\"Camping les Roussi\u00e8res Ile de Noirmoutier Vend\u00e9e - France\",\"description\":\"Location du vendredi au vendredi et du lundi au lundi \",\"potentialAction\":[{\"@type\":\"SearchAction\",\"target\":{\"@type\":\"EntryPoint\",\"urlTemplate\":\"https:\\\/\\\/www.campingdesroussieres.com\\\/?s={search_term_string}\"},\"query-input\":{\"@type\":\"PropertyValueSpecification\",\"valueRequired\":true,\"valueName\":\"search_term_string\"}}],\"inLanguage\":\"en-US\"}]}<\/script>\n<!-- \/ Yoast SEO plugin. -->","yoast_head_json":{"title":"Contact \/ Booking","robots":{"index":"index","follow":"follow","max-snippet":"max-snippet:-1","max-image-preview":"max-image-preview:large","max-video-preview":"max-video-preview:-1"},"canonical":"https:\/\/www.campingdesroussieres.com\/en\/contact-booking\/","og_locale":"en_US","og_type":"article","og_title":"Contact \/ Booking","og_url":"https:\/\/www.campingdesroussieres.com\/en\/contact-booking\/","og_site_name":"Camping les Roussi\u00e8res Ile de Noirmoutier Vend\u00e9e - France","article_modified_time":"2023-02-23T13:20:08+00:00","twitter_card":"summary_large_image","twitter_misc":{"Est. reading time":"1 minute"},"schema":{"@context":"https:\/\/schema.org","@graph":[{"@type":"WebPage","@id":"https:\/\/www.campingdesroussieres.com\/en\/contact-booking\/","url":"https:\/\/www.campingdesroussieres.com\/en\/contact-booking\/","name":"Contact \/ Booking","isPartOf":{"@id":"https:\/\/www.campingdesroussieres.com\/#website"},"datePublished":"2018-03-15T08:41:27+00:00","dateModified":"2023-02-23T13:20:08+00:00","breadcrumb":{"@id":"https:\/\/www.campingdesroussieres.com\/en\/contact-booking\/#breadcrumb"},"inLanguage":"en-US","potentialAction":[{"@type":"ReadAction","target":["https:\/\/www.campingdesroussieres.com\/en\/contact-booking\/"]}]},{"@type":"BreadcrumbList","@id":"https:\/\/www.campingdesroussieres.com\/en\/contact-booking\/#breadcrumb","itemListElement":[{"@type":"ListItem","position":1,"name":"Accueil","item":"https:\/\/www.campingdesroussieres.com\/en\/"},{"@type":"ListItem","position":2,"name":"Contact \/ Booking 2023"}]},{"@type":"WebSite","@id":"https:\/\/www.campingdesroussieres.com\/#website","url":"https:\/\/www.campingdesroussieres.com\/","name":"Camping les Roussi\u00e8res Ile de Noirmoutier Vend\u00e9e - France","description":"Location du vendredi au vendredi et du lundi au lundi ","potentialAction":[{"@type":"SearchAction","target":{"@type":"EntryPoint","urlTemplate":"https:\/\/www.campingdesroussieres.com\/?s={search_term_string}"},"query-input":{"@type":"PropertyValueSpecification","valueRequired":true,"valueName":"search_term_string"}}],"inLanguage":"en-US"}]}},"_links":{"self":[{"href":"https:\/\/www.campingdesroussieres.com\/en\/wp-json\/wp\/v2\/pages\/362","targetHints":{"allow":["GET"]}}],"collection":[{"href":"https:\/\/www.campingdesroussieres.com\/en\/wp-json\/wp\/v2\/pages"}],"about":[{"href":"https:\/\/www.campingdesroussieres.com\/en\/wp-json\/wp\/v2\/types\/page"}],"author":[{"embeddable":true,"href":"https:\/\/www.campingdesroussieres.com\/en\/wp-json\/wp\/v2\/users\/1"}],"replies":[{"embeddable":true,"href":"https:\/\/www.campingdesroussieres.com\/en\/wp-json\/wp\/v2\/comments?post=362"}],"version-history":[{"count":4,"href":"https:\/\/www.campingdesroussieres.com\/en\/wp-json\/wp\/v2\/pages\/362\/revisions"}],"predecessor-version":[{"id":16538,"href":"https:\/\/www.campingdesroussieres.com\/en\/wp-json\/wp\/v2\/pages\/362\/revisions\/16538"}],"wp:attachment":[{"href":"https:\/\/www.campingdesroussieres.com\/en\/wp-json\/wp\/v2\/media?parent=362"}],"curies":[{"name":"wp","href":"https:\/\/api.w.org\/{rel}","templated":true}]}}