{"id":40,"date":"2018-03-15T10:45:25","date_gmt":"2018-03-15T09:45:25","guid":{"rendered":"https:\/\/www.campingdesroussieres.com\/?page_id=40"},"modified":"2023-12-28T12:36:19","modified_gmt":"2023-12-28T11:36:19","slug":"home","status":"publish","type":"page","link":"https:\/\/www.campingdesroussieres.com\/en\/","title":{"rendered":"Home"},"content":{"rendered":"<h1>Campsite 3 stars les Roussi\u00e8res<\/h1>\n<h2>A haven of peace in the heart of Noirmoutier<\/h2>\n<p>Come and stay at the Camping des Roussi\u00e8res campsite where you will find all the rest, relaxation and entertainment you are looking for. With 265 pitches\u00a0 (of which 93 mobile homes :22 residential and 71 rental properties) and on site facilities, we are here to ensure that your holidays create some wonderful memories&#8230;<\/p>\n<p>We have all the facilities required for you to take some time out to enjoy life&#8230;.and to take advantage of the beach, which is near.<\/p>\n<p>We have a range of activities on offer that guarantee your family a holiday in a warm and family-friendly environment&#8230;<\/p>\n<p>For your stay we can offer either a well-tended pitch of 100 m2, or one of our fully-equipped mobile homes.<\/p>\n<div class=\"row\"><br \/>\n<div class=\"col col-12 col-lg-6\"><\/p>\n<p><img loading=\"lazy\" decoding=\"async\" class=\"aligncenter wp-image-260 size-large\" src=\"https:\/\/www.campingdesroussieres.com\/wp-content\/uploads\/2018\/03\/terrasse-bar-1-1024x687.jpg\" alt=\"terrasse bar du camping \u00e0 Noirmoutier\" width=\"1024\" height=\"687\" \/><\/p>\n<p><\/div><br \/>\n<div class=\"col col-12 col-lg-6\"><\/p>\n<p><img loading=\"lazy\" decoding=\"async\" class=\"aligncenter wp-image-261 size-large\" src=\"https:\/\/www.campingdesroussieres.com\/wp-content\/uploads\/2018\/03\/vueterrainmulti2-1-e1528291552158-1024x686.jpg\" alt=\"terrain multisports\" width=\"1024\" height=\"686\" srcset=\"https:\/\/www.campingdesroussieres.com\/wp-content\/uploads\/2018\/03\/vueterrainmulti2-1-e1528291552158.jpg 1024w, https:\/\/www.campingdesroussieres.com\/wp-content\/uploads\/2018\/03\/vueterrainmulti2-1-e1528291552158-300x201.jpg 300w, https:\/\/www.campingdesroussieres.com\/wp-content\/uploads\/2018\/03\/vueterrainmulti2-1-e1528291552158-768x515.jpg 768w\" sizes=\"auto, (max-width: 1024px) 100vw, 1024px\" \/><\/p>\n<p><\/div><br \/>\n<\/div>\n<h2 style=\"text-align: center;\">Contact us on 02 51 39 13 01<\/h2>\n","protected":false},"excerpt":{"rendered":"<p>Campsite 3 stars les Roussi\u00e8res A haven of peace in the heart of Noirmoutier Come and stay at the Camping des Roussi\u00e8res campsite where you will find all the rest, relaxation and entertainment you are looking for. With 265 pitches\u00a0 (of which 93 mobile homes :22 residential and 71 rental properties) and on site facilities, [&hellip;]<\/p>\n","protected":false},"author":1,"featured_media":0,"parent":0,"menu_order":0,"comment_status":"closed","ping_status":"closed","template":"","meta":{"footnotes":""},"class_list":["post-40","page","type-page","status-publish","hentry"],"yoast_head":"<!-- This site is optimized with the Yoast SEO plugin v27.4 - https:\/\/yoast.com\/product\/yoast-seo-wordpress\/ -->\n<title>Campsite 3 stars les Roussi\u00e8res Noirmoutier<\/title>\n<meta name=\"robots\" content=\"index, follow, max-snippet:-1, max-image-preview:large, max-video-preview:-1\" \/>\n<link rel=\"canonical\" href=\"https:\/\/www.campingdesroussieres.com\/en\/\" \/>\n<meta property=\"og:locale\" content=\"en_US\" \/>\n<meta property=\"og:type\" content=\"article\" \/>\n<meta property=\"og:title\" content=\"Campsite 3 stars les Roussi\u00e8res Noirmoutier\" \/>\n<meta property=\"og:description\" content=\"Campsite 3 stars les Roussi\u00e8res A haven of peace in the heart of Noirmoutier Come and stay at the Camping des Roussi\u00e8res campsite where you will find all the rest, relaxation and entertainment you are looking for. With 265 pitches\u00a0 (of which 93 mobile homes :22 residential and 71 rental properties) and on site facilities, [&hellip;]\" \/>\n<meta property=\"og:url\" content=\"https:\/\/www.campingdesroussieres.com\/en\/\" \/>\n<meta property=\"og:site_name\" content=\"Camping les Roussi\u00e8res Ile de Noirmoutier Vend\u00e9e - France\" \/>\n<meta property=\"article:modified_time\" content=\"2023-12-28T11:36:19+00:00\" \/>\n<meta property=\"og:image\" content=\"https:\/\/www.campingdesroussieres.com\/wp-content\/uploads\/2018\/03\/terrasse-bar-1-1024x687.jpg\" \/>\n<meta name=\"twitter:card\" content=\"summary_large_image\" \/>\n<meta name=\"twitter:label1\" content=\"Est. reading time\" \/>\n\t<meta name=\"twitter:data1\" content=\"2 minutes\" \/>\n<script type=\"application\/ld+json\" class=\"yoast-schema-graph\">{\"@context\":\"https:\\\/\\\/schema.org\",\"@graph\":[{\"@type\":\"WebPage\",\"@id\":\"https:\\\/\\\/www.campingdesroussieres.com\\\/en\\\/\",\"url\":\"https:\\\/\\\/www.campingdesroussieres.com\\\/en\\\/\",\"name\":\"Campsite 3 stars les Roussi\u00e8res Noirmoutier\",\"isPartOf\":{\"@id\":\"https:\\\/\\\/www.campingdesroussieres.com\\\/#website\"},\"primaryImageOfPage\":{\"@id\":\"https:\\\/\\\/www.campingdesroussieres.com\\\/en\\\/#primaryimage\"},\"image\":{\"@id\":\"https:\\\/\\\/www.campingdesroussieres.com\\\/en\\\/#primaryimage\"},\"thumbnailUrl\":\"https:\\\/\\\/www.campingdesroussieres.com\\\/wp-content\\\/uploads\\\/2018\\\/03\\\/terrasse-bar-1-1024x687.jpg\",\"datePublished\":\"2018-03-15T09:45:25+00:00\",\"dateModified\":\"2023-12-28T11:36:19+00:00\",\"breadcrumb\":{\"@id\":\"https:\\\/\\\/www.campingdesroussieres.com\\\/en\\\/#breadcrumb\"},\"inLanguage\":\"en-US\",\"potentialAction\":[{\"@type\":\"ReadAction\",\"target\":[\"https:\\\/\\\/www.campingdesroussieres.com\\\/en\\\/\"]}]},{\"@type\":\"ImageObject\",\"inLanguage\":\"en-US\",\"@id\":\"https:\\\/\\\/www.campingdesroussieres.com\\\/en\\\/#primaryimage\",\"url\":\"https:\\\/\\\/www.campingdesroussieres.com\\\/wp-content\\\/uploads\\\/2018\\\/03\\\/terrasse-bar-1-1024x687.jpg\",\"contentUrl\":\"https:\\\/\\\/www.campingdesroussieres.com\\\/wp-content\\\/uploads\\\/2018\\\/03\\\/terrasse-bar-1-1024x687.jpg\"},{\"@type\":\"BreadcrumbList\",\"@id\":\"https:\\\/\\\/www.campingdesroussieres.com\\\/en\\\/#breadcrumb\",\"itemListElement\":[{\"@type\":\"ListItem\",\"position\":1,\"name\":\"Accueil\",\"item\":\"https:\\\/\\\/www.campingdesroussieres.com\\\/en\\\/\"},{\"@type\":\"ListItem\",\"position\":2,\"name\":\"Home\"}]},{\"@type\":\"WebSite\",\"@id\":\"https:\\\/\\\/www.campingdesroussieres.com\\\/#website\",\"url\":\"https:\\\/\\\/www.campingdesroussieres.com\\\/\",\"name\":\"Camping les Roussi\u00e8res Ile de Noirmoutier Vend\u00e9e - France\",\"description\":\"Location du vendredi au vendredi et du lundi au lundi \",\"potentialAction\":[{\"@type\":\"SearchAction\",\"target\":{\"@type\":\"EntryPoint\",\"urlTemplate\":\"https:\\\/\\\/www.campingdesroussieres.com\\\/?s={search_term_string}\"},\"query-input\":{\"@type\":\"PropertyValueSpecification\",\"valueRequired\":true,\"valueName\":\"search_term_string\"}}],\"inLanguage\":\"en-US\"}]}<\/script>\n<!-- \/ Yoast SEO plugin. -->","yoast_head_json":{"title":"Campsite 3 stars les Roussi\u00e8res Noirmoutier","robots":{"index":"index","follow":"follow","max-snippet":"max-snippet:-1","max-image-preview":"max-image-preview:large","max-video-preview":"max-video-preview:-1"},"canonical":"https:\/\/www.campingdesroussieres.com\/en\/","og_locale":"en_US","og_type":"article","og_title":"Campsite 3 stars les Roussi\u00e8res Noirmoutier","og_description":"Campsite 3 stars les Roussi\u00e8res A haven of peace in the heart of Noirmoutier Come and stay at the Camping des Roussi\u00e8res campsite where you will find all the rest, relaxation and entertainment you are looking for. With 265 pitches\u00a0 (of which 93 mobile homes :22 residential and 71 rental properties) and on site facilities, [&hellip;]","og_url":"https:\/\/www.campingdesroussieres.com\/en\/","og_site_name":"Camping les Roussi\u00e8res Ile de Noirmoutier Vend\u00e9e - France","article_modified_time":"2023-12-28T11:36:19+00:00","og_image":[{"url":"https:\/\/www.campingdesroussieres.com\/wp-content\/uploads\/2018\/03\/terrasse-bar-1-1024x687.jpg","type":"","width":"","height":""}],"twitter_card":"summary_large_image","twitter_misc":{"Est. reading time":"2 minutes"},"schema":{"@context":"https:\/\/schema.org","@graph":[{"@type":"WebPage","@id":"https:\/\/www.campingdesroussieres.com\/en\/","url":"https:\/\/www.campingdesroussieres.com\/en\/","name":"Campsite 3 stars les Roussi\u00e8res Noirmoutier","isPartOf":{"@id":"https:\/\/www.campingdesroussieres.com\/#website"},"primaryImageOfPage":{"@id":"https:\/\/www.campingdesroussieres.com\/en\/#primaryimage"},"image":{"@id":"https:\/\/www.campingdesroussieres.com\/en\/#primaryimage"},"thumbnailUrl":"https:\/\/www.campingdesroussieres.com\/wp-content\/uploads\/2018\/03\/terrasse-bar-1-1024x687.jpg","datePublished":"2018-03-15T09:45:25+00:00","dateModified":"2023-12-28T11:36:19+00:00","breadcrumb":{"@id":"https:\/\/www.campingdesroussieres.com\/en\/#breadcrumb"},"inLanguage":"en-US","potentialAction":[{"@type":"ReadAction","target":["https:\/\/www.campingdesroussieres.com\/en\/"]}]},{"@type":"ImageObject","inLanguage":"en-US","@id":"https:\/\/www.campingdesroussieres.com\/en\/#primaryimage","url":"https:\/\/www.campingdesroussieres.com\/wp-content\/uploads\/2018\/03\/terrasse-bar-1-1024x687.jpg","contentUrl":"https:\/\/www.campingdesroussieres.com\/wp-content\/uploads\/2018\/03\/terrasse-bar-1-1024x687.jpg"},{"@type":"BreadcrumbList","@id":"https:\/\/www.campingdesroussieres.com\/en\/#breadcrumb","itemListElement":[{"@type":"ListItem","position":1,"name":"Accueil","item":"https:\/\/www.campingdesroussieres.com\/en\/"},{"@type":"ListItem","position":2,"name":"Home"}]},{"@type":"WebSite","@id":"https:\/\/www.campingdesroussieres.com\/#website","url":"https:\/\/www.campingdesroussieres.com\/","name":"Camping les Roussi\u00e8res Ile de Noirmoutier Vend\u00e9e - France","description":"Location du vendredi au vendredi et du lundi au lundi ","potentialAction":[{"@type":"SearchAction","target":{"@type":"EntryPoint","urlTemplate":"https:\/\/www.campingdesroussieres.com\/?s={search_term_string}"},"query-input":{"@type":"PropertyValueSpecification","valueRequired":true,"valueName":"search_term_string"}}],"inLanguage":"en-US"}]}},"_links":{"self":[{"href":"https:\/\/www.campingdesroussieres.com\/en\/wp-json\/wp\/v2\/pages\/40","targetHints":{"allow":["GET"]}}],"collection":[{"href":"https:\/\/www.campingdesroussieres.com\/en\/wp-json\/wp\/v2\/pages"}],"about":[{"href":"https:\/\/www.campingdesroussieres.com\/en\/wp-json\/wp\/v2\/types\/page"}],"author":[{"embeddable":true,"href":"https:\/\/www.campingdesroussieres.com\/en\/wp-json\/wp\/v2\/users\/1"}],"replies":[{"embeddable":true,"href":"https:\/\/www.campingdesroussieres.com\/en\/wp-json\/wp\/v2\/comments?post=40"}],"version-history":[{"count":11,"href":"https:\/\/www.campingdesroussieres.com\/en\/wp-json\/wp\/v2\/pages\/40\/revisions"}],"predecessor-version":[{"id":19029,"href":"https:\/\/www.campingdesroussieres.com\/en\/wp-json\/wp\/v2\/pages\/40\/revisions\/19029"}],"wp:attachment":[{"href":"https:\/\/www.campingdesroussieres.com\/en\/wp-json\/wp\/v2\/media?parent=40"}],"curies":[{"name":"wp","href":"https:\/\/api.w.org\/{rel}","templated":true}]}}