{"id":457,"date":"2018-03-14T09:52:33","date_gmt":"2018-03-14T08:52:33","guid":{"rendered":"https:\/\/www.campingdesroussieres.com\/mentions-legales\/"},"modified":"2018-06-07T14:49:10","modified_gmt":"2018-06-07T12:49:10","slug":"legal","status":"publish","type":"page","link":"https:\/\/www.campingdesroussieres.com\/en\/legal\/","title":{"rendered":"Legal"},"content":{"rendered":"<h2><strong>Site\u2019s editor<\/strong><\/h2>\n<p>RUE DES GRANDES ROUSSIERES<br \/>\n85330 NOIRMOUTIER EN L&#8217;ILE<br \/>\nFrance<\/p>\n<p>SIREN :\u00a0391 155 892<br \/>\nClassement : 3 \u00e9toiles<\/p>\n<p>SARL au capital social : 753 950,00 \u20ac<br \/>\nSIRET : 39115589200014<br \/>\nAPE\/NAF : 553 OZ<br \/>\nImmatricul\u00e9e au Registre du commerce de La Roche-sur-Yon sous le num\u00e9ro B 391 155 892<\/p>\n<p>T\u00e9l :\u00a0+33 02 51 39 13 01<br \/>\nE-mail : infos@roussieres.com<br \/>\nSite web : www.campingdesroussieres.com<\/p>\n<h2><strong>Design and developpement<\/strong><\/h2>\n<p>SEV\/Ouest-Communication<br \/>\nLogis Ste Anne<br \/>\n85520 Jard sur Mer<br \/>\nT\u00e9l : 02 51 20 30 40<br \/>\nEmail : contact@ouest-communication.com<\/p>\n<h2>Hosting<\/h2>\n<p>OVH<br \/>\n2 rue Kellermann<br \/>\n59100 Roubaix<\/p>\n<h2>Cr\u00e9dit photo<\/h2>\n<p>Photos de la Vend\u00e9e Roland OZIEL tous droits r\u00e9serv\u00e9s http:\/\/www.photo-vendee.com<\/p>\n<p>&nbsp;<\/p>\n","protected":false},"excerpt":{"rendered":"<p>Site\u2019s editor RUE DES GRANDES ROUSSIERES 85330 NOIRMOUTIER EN L&#8217;ILE France SIREN :\u00a0391 155 892 Classement : 3 \u00e9toiles SARL au capital social : 753 950,00 \u20ac SIRET : 39115589200014 APE\/NAF : 553 OZ Immatricul\u00e9e au Registre du commerce de La Roche-sur-Yon sous le num\u00e9ro B 391 155 892 T\u00e9l :\u00a0+33 02 51 39 13 [&hellip;]<\/p>\n","protected":false},"author":1,"featured_media":0,"parent":0,"menu_order":0,"comment_status":"closed","ping_status":"closed","template":"","meta":{"footnotes":""},"class_list":["post-457","page","type-page","status-publish","hentry"],"yoast_head":"<!-- This site is optimized with the Yoast SEO plugin v27.4 - https:\/\/yoast.com\/product\/yoast-seo-wordpress\/ -->\n<title>Legal<\/title>\n<meta name=\"robots\" content=\"index, follow, max-snippet:-1, max-image-preview:large, max-video-preview:-1\" \/>\n<link rel=\"canonical\" href=\"https:\/\/www.campingdesroussieres.com\/en\/legal\/\" \/>\n<meta property=\"og:locale\" content=\"en_US\" \/>\n<meta property=\"og:type\" content=\"article\" \/>\n<meta property=\"og:title\" content=\"Legal\" \/>\n<meta property=\"og:description\" content=\"Site\u2019s editor RUE DES GRANDES ROUSSIERES 85330 NOIRMOUTIER EN L&#8217;ILE France SIREN :\u00a0391 155 892 Classement : 3 \u00e9toiles SARL au capital social : 753 950,00 \u20ac SIRET : 39115589200014 APE\/NAF : 553 OZ Immatricul\u00e9e au Registre du commerce de La Roche-sur-Yon sous le num\u00e9ro B 391 155 892 T\u00e9l :\u00a0+33 02 51 39 13 [&hellip;]\" \/>\n<meta property=\"og:url\" content=\"https:\/\/www.campingdesroussieres.com\/en\/legal\/\" \/>\n<meta property=\"og:site_name\" content=\"Camping les Roussi\u00e8res Ile de Noirmoutier Vend\u00e9e - France\" \/>\n<meta property=\"article:modified_time\" content=\"2018-06-07T12:49:10+00:00\" \/>\n<meta name=\"twitter:card\" content=\"summary_large_image\" \/>\n<script type=\"application\/ld+json\" class=\"yoast-schema-graph\">{\"@context\":\"https:\\\/\\\/schema.org\",\"@graph\":[{\"@type\":\"WebPage\",\"@id\":\"https:\\\/\\\/www.campingdesroussieres.com\\\/en\\\/legal\\\/\",\"url\":\"https:\\\/\\\/www.campingdesroussieres.com\\\/en\\\/legal\\\/\",\"name\":\"Legal\",\"isPartOf\":{\"@id\":\"https:\\\/\\\/www.campingdesroussieres.com\\\/#website\"},\"datePublished\":\"2018-03-14T08:52:33+00:00\",\"dateModified\":\"2018-06-07T12:49:10+00:00\",\"breadcrumb\":{\"@id\":\"https:\\\/\\\/www.campingdesroussieres.com\\\/en\\\/legal\\\/#breadcrumb\"},\"inLanguage\":\"en-US\",\"potentialAction\":[{\"@type\":\"ReadAction\",\"target\":[\"https:\\\/\\\/www.campingdesroussieres.com\\\/en\\\/legal\\\/\"]}]},{\"@type\":\"BreadcrumbList\",\"@id\":\"https:\\\/\\\/www.campingdesroussieres.com\\\/en\\\/legal\\\/#breadcrumb\",\"itemListElement\":[{\"@type\":\"ListItem\",\"position\":1,\"name\":\"Accueil\",\"item\":\"https:\\\/\\\/www.campingdesroussieres.com\\\/en\\\/\"},{\"@type\":\"ListItem\",\"position\":2,\"name\":\"Legal\"}]},{\"@type\":\"WebSite\",\"@id\":\"https:\\\/\\\/www.campingdesroussieres.com\\\/#website\",\"url\":\"https:\\\/\\\/www.campingdesroussieres.com\\\/\",\"name\":\"Camping les Roussi\u00e8res Ile de Noirmoutier Vend\u00e9e - France\",\"description\":\"Location du vendredi au vendredi et du lundi au lundi \",\"potentialAction\":[{\"@type\":\"SearchAction\",\"target\":{\"@type\":\"EntryPoint\",\"urlTemplate\":\"https:\\\/\\\/www.campingdesroussieres.com\\\/?s={search_term_string}\"},\"query-input\":{\"@type\":\"PropertyValueSpecification\",\"valueRequired\":true,\"valueName\":\"search_term_string\"}}],\"inLanguage\":\"en-US\"}]}<\/script>\n<!-- \/ Yoast SEO plugin. -->","yoast_head_json":{"title":"Legal","robots":{"index":"index","follow":"follow","max-snippet":"max-snippet:-1","max-image-preview":"max-image-preview:large","max-video-preview":"max-video-preview:-1"},"canonical":"https:\/\/www.campingdesroussieres.com\/en\/legal\/","og_locale":"en_US","og_type":"article","og_title":"Legal","og_description":"Site\u2019s editor RUE DES GRANDES ROUSSIERES 85330 NOIRMOUTIER EN L&#8217;ILE France SIREN :\u00a0391 155 892 Classement : 3 \u00e9toiles SARL au capital social : 753 950,00 \u20ac SIRET : 39115589200014 APE\/NAF : 553 OZ Immatricul\u00e9e au Registre du commerce de La Roche-sur-Yon sous le num\u00e9ro B 391 155 892 T\u00e9l :\u00a0+33 02 51 39 13 [&hellip;]","og_url":"https:\/\/www.campingdesroussieres.com\/en\/legal\/","og_site_name":"Camping les Roussi\u00e8res Ile de Noirmoutier Vend\u00e9e - France","article_modified_time":"2018-06-07T12:49:10+00:00","twitter_card":"summary_large_image","schema":{"@context":"https:\/\/schema.org","@graph":[{"@type":"WebPage","@id":"https:\/\/www.campingdesroussieres.com\/en\/legal\/","url":"https:\/\/www.campingdesroussieres.com\/en\/legal\/","name":"Legal","isPartOf":{"@id":"https:\/\/www.campingdesroussieres.com\/#website"},"datePublished":"2018-03-14T08:52:33+00:00","dateModified":"2018-06-07T12:49:10+00:00","breadcrumb":{"@id":"https:\/\/www.campingdesroussieres.com\/en\/legal\/#breadcrumb"},"inLanguage":"en-US","potentialAction":[{"@type":"ReadAction","target":["https:\/\/www.campingdesroussieres.com\/en\/legal\/"]}]},{"@type":"BreadcrumbList","@id":"https:\/\/www.campingdesroussieres.com\/en\/legal\/#breadcrumb","itemListElement":[{"@type":"ListItem","position":1,"name":"Accueil","item":"https:\/\/www.campingdesroussieres.com\/en\/"},{"@type":"ListItem","position":2,"name":"Legal"}]},{"@type":"WebSite","@id":"https:\/\/www.campingdesroussieres.com\/#website","url":"https:\/\/www.campingdesroussieres.com\/","name":"Camping les Roussi\u00e8res Ile de Noirmoutier Vend\u00e9e - France","description":"Location du vendredi au vendredi et du lundi au lundi ","potentialAction":[{"@type":"SearchAction","target":{"@type":"EntryPoint","urlTemplate":"https:\/\/www.campingdesroussieres.com\/?s={search_term_string}"},"query-input":{"@type":"PropertyValueSpecification","valueRequired":true,"valueName":"search_term_string"}}],"inLanguage":"en-US"}]}},"_links":{"self":[{"href":"https:\/\/www.campingdesroussieres.com\/en\/wp-json\/wp\/v2\/pages\/457","targetHints":{"allow":["GET"]}}],"collection":[{"href":"https:\/\/www.campingdesroussieres.com\/en\/wp-json\/wp\/v2\/pages"}],"about":[{"href":"https:\/\/www.campingdesroussieres.com\/en\/wp-json\/wp\/v2\/types\/page"}],"author":[{"embeddable":true,"href":"https:\/\/www.campingdesroussieres.com\/en\/wp-json\/wp\/v2\/users\/1"}],"replies":[{"embeddable":true,"href":"https:\/\/www.campingdesroussieres.com\/en\/wp-json\/wp\/v2\/comments?post=457"}],"version-history":[{"count":2,"href":"https:\/\/www.campingdesroussieres.com\/en\/wp-json\/wp\/v2\/pages\/457\/revisions"}],"predecessor-version":[{"id":460,"href":"https:\/\/www.campingdesroussieres.com\/en\/wp-json\/wp\/v2\/pages\/457\/revisions\/460"}],"wp:attachment":[{"href":"https:\/\/www.campingdesroussieres.com\/en\/wp-json\/wp\/v2\/media?parent=457"}],"curies":[{"name":"wp","href":"https:\/\/api.w.org\/{rel}","templated":true}]}}